{"id":1554,"date":"2025-01-09T13:05:32","date_gmt":"2025-01-09T12:05:32","guid":{"rendered":"https:\/\/malenaalbarracin.com\/politica-de-privacidad\/"},"modified":"2025-03-14T12:36:23","modified_gmt":"2025-03-14T11:36:23","slug":"privacy-policy","status":"publish","type":"page","link":"https:\/\/malenaalbarracin.com\/en\/privacy-policy\/","title":{"rendered":"Privacy Policy"},"content":{"rendered":"<p>Transparency of information is essential to establishing a relationship of trust with the people involved in our projects and with our collaborators. The protection of the personal data of those who place their trust in us is of vital importance. Therefore, through this Privacy and Personal Data Protection Policy, we wish to inform you of how we collect, process, and use such data.<br \/>\nThis Privacy and Personal Data Protection Policy establishes the basis on which Malena Albarrac\u00edn El Mankabadi, with registered address at Calle \u00c1ngel Guimer\u00e1 76, 1-1, 46008 Valencia (Valencia), processes the personal data voluntarily provided to us by our users through the website.<br \/>\nThis Policy will always apply when data is provided to Malena Albarrac\u00edn El Mankabadi, who will be responsible for your data (Data Controller).<\/p>\n<p>&nbsp;<\/p>\n<p>&nbsp;<\/p>\n","protected":false},"excerpt":{"rendered":"<p>Transparency of information is essential to establishing a relationship of trust with the people involved in our projects and with our collaborators. The protection of the personal data of those who place their trust in us is of vital importance. Therefore, through this Privacy and Personal Data Protection Policy, we wish to inform you of [&hellip;]<\/p>\n","protected":false},"author":1,"featured_media":0,"parent":0,"menu_order":0,"comment_status":"closed","ping_status":"open","template":"","meta":{"_acf_changed":false,"_et_pb_use_builder":"","_et_pb_old_content":"","_et_gb_content_width":"","footnotes":""},"class_list":["post-1554","page","type-page","status-publish","hentry"],"acf":[],"_links":{"self":[{"href":"https:\/\/malenaalbarracin.com\/en\/wp-json\/wp\/v2\/pages\/1554","targetHints":{"allow":["GET"]}}],"collection":[{"href":"https:\/\/malenaalbarracin.com\/en\/wp-json\/wp\/v2\/pages"}],"about":[{"href":"https:\/\/malenaalbarracin.com\/en\/wp-json\/wp\/v2\/types\/page"}],"author":[{"embeddable":true,"href":"https:\/\/malenaalbarracin.com\/en\/wp-json\/wp\/v2\/users\/1"}],"replies":[{"embeddable":true,"href":"https:\/\/malenaalbarracin.com\/en\/wp-json\/wp\/v2\/comments?post=1554"}],"version-history":[{"count":1,"href":"https:\/\/malenaalbarracin.com\/en\/wp-json\/wp\/v2\/pages\/1554\/revisions"}],"predecessor-version":[{"id":1556,"href":"https:\/\/malenaalbarracin.com\/en\/wp-json\/wp\/v2\/pages\/1554\/revisions\/1556"}],"wp:attachment":[{"href":"https:\/\/malenaalbarracin.com\/en\/wp-json\/wp\/v2\/media?parent=1554"}],"curies":[{"name":"wp","href":"https:\/\/api.w.org\/{rel}","templated":true}]}}