{"id":1410,"date":"2025-01-15T10:39:18","date_gmt":"2025-01-15T09:39:18","guid":{"rendered":"https:\/\/malenaalbarracin.com\/biografia\/"},"modified":"2025-03-14T12:29:19","modified_gmt":"2025-03-14T11:29:19","slug":"biography","status":"publish","type":"page","link":"https:\/\/malenaalbarracin.com\/en\/biography\/","title":{"rendered":"Biography"},"content":{"rendered":"<p>[et_pb_section fb_built=&#8221;1&#8243; _builder_version=&#8221;4.27.4&#8243; _module_preset=&#8221;default&#8221; background_color=&#8221;#f092ff&#8221; custom_padding=&#8221;24px||20px|||&#8221; global_colors_info=&#8221;{}&#8221;][et_pb_row _builder_version=&#8221;4.27.4&#8243; _module_preset=&#8221;default&#8221; width=&#8221;90%&#8221; max_width=&#8221;2560px&#8221; global_colors_info=&#8221;{}&#8221;][et_pb_column type=&#8221;4_4&#8243; _builder_version=&#8221;4.27.4&#8243; _module_preset=&#8221;default&#8221; global_colors_info=&#8221;{}&#8221;][et_pb_text _builder_version=&#8221;4.27.4&#8243; _module_preset=&#8221;default&#8221; header_font=&#8221;Roboto|700|||||||&#8221; header_font_size=&#8221;40px&#8221; global_colors_info=&#8221;{}&#8221;]<\/p>\n<h1><span style=\"text-decoration: underline;\">MALENA ALBARRAC\u00cdN<\/span><\/h1>\n<p>[\/et_pb_text][\/et_pb_column][\/et_pb_row][et_pb_row column_structure=&#8221;1_4,1_4,1_4,1_4&#8243; use_custom_gutter=&#8221;on&#8221; gutter_width=&#8221;1&#8243; make_equal=&#8221;on&#8221; custom_padding_last_edited=&#8221;on|phone&#8221; _builder_version=&#8221;4.27.4&#8243; _module_preset=&#8221;default&#8221; width=&#8221;90%&#8221; max_width=&#8221;2560px&#8221; custom_padding_tablet=&#8221;||0px||false|false&#8221; custom_padding_phone=&#8221;0px||0px||false|false&#8221; global_colors_info=&#8221;{}&#8221;][et_pb_column type=&#8221;1_4&#8243; _builder_version=&#8221;4.27.4&#8243; _module_preset=&#8221;default&#8221; global_colors_info=&#8221;{}&#8221;][et_pb_text _builder_version=&#8221;4.27.4&#8243; _module_preset=&#8221;default&#8221; header_font=&#8221;Roboto|700|||||||&#8221; header_font_size=&#8221;40px&#8221; header_2_font=&#8221;Arial||||||||&#8221; header_2_text_color=&#8221;#80e58b&#8221; header_2_font_size=&#8221;15px&#8221; header_2_line_height=&#8221;1.3em&#8221; background_color=&#8221;#000000&#8243; custom_margin=&#8221;|8px|22px|8px|false|true&#8221; custom_padding=&#8221;16px|8px|4px|8px|false|true&#8221; custom_padding_tablet=&#8221;10px|5px|0px|5px|false|true&#8221; custom_padding_phone=&#8221;10px|5px|0px|5px|false|true&#8221; custom_padding_last_edited=&#8221;on|tablet&#8221; box_shadow_style=&#8221;preset4&#8243; box_shadow_horizontal=&#8221;2px&#8221; box_shadow_vertical=&#8221;2px&#8221; global_colors_info=&#8221;{}&#8221;]<\/p>\n<h2 style=\"text-align: center;\">DANCER<\/h2>\n<p>[\/et_pb_text][\/et_pb_column][et_pb_column type=&#8221;1_4&#8243; _builder_version=&#8221;4.27.4&#8243; _module_preset=&#8221;default&#8221; sticky_limit_bottom=&#8221;section&#8221; sticky_position_tablet=&#8221;none&#8221; sticky_position_phone=&#8221;none&#8221; sticky_position_last_edited=&#8221;on|tablet&#8221; global_colors_info=&#8221;{}&#8221;][et_pb_text _builder_version=&#8221;4.27.4&#8243; _module_preset=&#8221;default&#8221; header_font=&#8221;Roboto|700|||||||&#8221; header_font_size=&#8221;40px&#8221; header_2_font=&#8221;Arial|||on|||||&#8221; header_2_text_color=&#8221;#80e58b&#8221; header_2_font_size=&#8221;15px&#8221; header_2_line_height=&#8221;1.3em&#8221; background_color=&#8221;#000000&#8243; custom_margin=&#8221;|8px|22px|8px|false|true&#8221; custom_padding=&#8221;16px|8px|4px|8px|false|true&#8221; custom_padding_tablet=&#8221;10px|5px|0px|5px|false|true&#8221; custom_padding_phone=&#8221;10px|5px|0px|5px|false|true&#8221; custom_padding_last_edited=&#8221;on|tablet&#8221; box_shadow_style=&#8221;preset4&#8243; box_shadow_horizontal=&#8221;2px&#8221; box_shadow_vertical=&#8221;2px&#8221; global_colors_info=&#8221;{}&#8221;]<\/p>\n<h2 style=\"text-align: center;\">choreographer<\/h2>\n<p>[\/et_pb_text][\/et_pb_column][et_pb_column type=&#8221;1_4&#8243; _builder_version=&#8221;4.27.4&#8243; _module_preset=&#8221;default&#8221; sticky_limit_bottom=&#8221;section&#8221; sticky_position_tablet=&#8221;none&#8221; sticky_position_phone=&#8221;none&#8221; sticky_position_last_edited=&#8221;on|tablet&#8221; global_colors_info=&#8221;{}&#8221;][et_pb_text _builder_version=&#8221;4.27.4&#8243; _module_preset=&#8221;default&#8221; header_font=&#8221;Roboto|700|||||||&#8221; header_font_size=&#8221;40px&#8221; header_2_font=&#8221;Arial||||||||&#8221; header_2_text_color=&#8221;#80e58b&#8221; header_2_font_size=&#8221;15px&#8221; header_2_line_height=&#8221;1.3em&#8221; background_color=&#8221;#000000&#8243; custom_margin=&#8221;|8px|22px|8px|false|true&#8221; custom_padding=&#8221;16px|8px|4px|8px|false|true&#8221; custom_padding_tablet=&#8221;10px|5px|0px|5px|false|true&#8221; custom_padding_phone=&#8221;10px|5px|0px|5px|false|true&#8221; custom_padding_last_edited=&#8221;on|tablet&#8221; box_shadow_style=&#8221;preset4&#8243; box_shadow_horizontal=&#8221;2px&#8221; box_shadow_vertical=&#8221;2px&#8221; global_colors_info=&#8221;{}&#8221;]<\/p>\n<h2 style=\"text-align: center;\">ARTISTS TRAINER<\/h2>\n<p>[\/et_pb_text][\/et_pb_column][et_pb_column type=&#8221;1_4&#8243; _builder_version=&#8221;4.27.4&#8243; _module_preset=&#8221;default&#8221; sticky_limit_bottom=&#8221;section&#8221; sticky_position_tablet=&#8221;none&#8221; sticky_position_phone=&#8221;none&#8221; sticky_position_last_edited=&#8221;on|tablet&#8221; global_colors_info=&#8221;{}&#8221;][et_pb_text _builder_version=&#8221;4.27.4&#8243; _module_preset=&#8221;default&#8221; header_font=&#8221;Roboto|700|||||||&#8221; header_font_size=&#8221;40px&#8221; header_2_font=&#8221;Arial||||||||&#8221; header_2_text_color=&#8221;#80e58b&#8221; header_2_font_size=&#8221;15px&#8221; header_2_line_height=&#8221;1.3em&#8221; background_color=&#8221;#000000&#8243; custom_margin=&#8221;|8px|22px|8px|false|true&#8221; custom_padding=&#8221;16px|8px|4px|8px|false|true&#8221; custom_padding_tablet=&#8221;10px|5px|0px|5px|false|true&#8221; custom_padding_phone=&#8221;10px|5px|0px|5px|false|true&#8221; custom_padding_last_edited=&#8221;on|tablet&#8221; box_shadow_style=&#8221;preset4&#8243; box_shadow_horizontal=&#8221;2px&#8221; box_shadow_vertical=&#8221;2px&#8221; global_colors_info=&#8221;{}&#8221;]<\/p>\n<h2 style=\"text-align: center;\">MENTORING FOR ARTISTS<\/h2>\n<p>[\/et_pb_text][\/et_pb_column][\/et_pb_row][et_pb_row column_structure=&#8221;2_3,1_3&#8243; _builder_version=&#8221;4.27.4&#8243; _module_preset=&#8221;default&#8221; width=&#8221;90%&#8221; max_width=&#8221;2560px&#8221; global_colors_info=&#8221;{}&#8221;][et_pb_column type=&#8221;2_3&#8243; _builder_version=&#8221;4.27.4&#8243; _module_preset=&#8221;default&#8221; global_colors_info=&#8221;{}&#8221;][et_pb_text _builder_version=&#8221;4.27.4&#8243; _module_preset=&#8221;default&#8221; text_font=&#8221;Roboto||||||||&#8221; text_font_size_tablet=&#8221;20px&#8221; text_font_size_phone=&#8221;18px&#8221; text_font_size_last_edited=&#8221;on|desktop&#8221; global_colors_info=&#8221;{}&#8221;]<\/p>\n<p>I dance barefoot on the impeccable and soft grey linoleum of Bot\u00e0nic Espai de Dansa. I train in slippers on the wonderful and slippery floor of La Pina Submarina (Dance and Theater Space). I move and write on the black tatamis with which I cover the cold tiles of the living room of my house on \u00c1ngel Guimer\u00e1 Avenue (Valencia).<\/p>\n<p>[\/et_pb_text][et_pb_text _builder_version=&#8221;4.27.4&#8243; _module_preset=&#8221;default&#8221; text_font=&#8221;Roboto||||||||&#8221; text_font_size_tablet=&#8221;20px&#8221; text_font_size_phone=&#8221;18px&#8221; text_font_size_last_edited=&#8221;on|phone&#8221; global_colors_info=&#8221;{}&#8221;]I train forty-five minutes four times a week at home. I warm up. I do three laps of a six-station intermittent explosive circuit where I push myself for ten seconds and rest for fifteen. I do three laps of another circuit, this time eccentric, of seven stations, six training and one writing. I like to train with a stopwatch, the countdown and the bell help me to be more attentive. [\/et_pb_text][et_pb_toggle title=&#8221;Read more&#8221; open_toggle_text_color=&#8221;#80e58b&#8221; closed_toggle_text_color=&#8221;#000000&#8243; icon_color=&#8221;#000000&#8243; toggle_icon=&#8221;&#x33;||divi||400&#8243; use_icon_font_size=&#8221;on&#8221; icon_font_size=&#8221;34px&#8221; open_icon_color=&#8221;#80e58b&#8221; open_toggle_icon=&#8221;&#x32;||divi||400&#8243; open_use_icon_font_size=&#8221;on&#8221; open_icon_font_size=&#8221;34px&#8221; _builder_version=&#8221;4.27.4&#8243; _module_preset=&#8221;default&#8221; title_text_color=&#8221;#000000&#8243; title_level=&#8221;h2&#8243; title_font=&#8221;Roboto|500|||||||&#8221; title_font_size=&#8221;25px&#8221; background_color=&#8221;RGBA(255,255,255,0)&#8221; custom_padding=&#8221;|||0px|false|false&#8221; title_font_size_tablet=&#8221;24px&#8221; title_font_size_phone=&#8221;23px&#8221; title_font_size_last_edited=&#8221;on|phone&#8221; body_font_size_tablet=&#8221;20px&#8221; body_font_size_phone=&#8221;18px&#8221; body_font_size_last_edited=&#8221;on|phone&#8221; border_width_all=&#8221;0px&#8221; global_colors_info=&#8221;{}&#8221;]After training I make myself a super plate of scrambled eggs with peas, toast and some cheese and tea. The pleasure of that nutritious breakfast has no name. <\/p>\n<p>One of my most enjoyable times of the day is napping with my cats in the hammock. <\/p>\n<p>I have the pleasure of working and collaborating with Arantxa Blasco, Paula Pach\u00f3n, Noelia S\u00e1nchez, Sara Espinar, Julia Irango, Doriana Rossi, Camelia C\u00f3rdoba, \u00c1ngels P\u00e9rez N\u00fa\u00f1ez, C\u00e1rmen Gimeno Casas, Maena Serrano Pons, Carlos Z\u00e1rate Jim\u00e9nez, Sof\u00eda Delgado, Josefina Zuain, Mar\u00eda Paz Garaloces, Julia Zac, Sof\u00eda Asencio, Paula Miralles, Ernesto Pastor, Amparo Ferrer Torregrosa, Marie Bardet, val flores, Mar\u00eda Laudes, Paula Romero, Mar\u00eda Tamarit, Francesc Romeu Ferrer, etc. <\/p>\n<p>Dancing is the way to remind me day by day that there is not only one way to do things. <\/p>\n<p>I would like every time we meet to be like the first time and to smell like jasmine. Thank you for taking the time.[\/et_pb_toggle][\/et_pb_column][et_pb_column type=&#8221;1_3&#8243; _builder_version=&#8221;4.27.4&#8243; _module_preset=&#8221;default&#8221; sticky_limit_bottom=&#8221;section&#8221; sticky_position_tablet=&#8221;none&#8221; sticky_position_phone=&#8221;none&#8221; sticky_position_last_edited=&#8221;off|desktop&#8221; global_colors_info=&#8221;{}&#8221;][et_pb_image src=&#8221;https:\/\/malenaalbarracin.com\/wp-content\/uploads\/2025\/01\/malena.jpg&#8221; title_text=&#8221;malena&#8221; _builder_version=&#8221;4.27.4&#8243; _module_preset=&#8221;default&#8221; custom_margin=&#8221;||13px|||&#8221; global_colors_info=&#8221;{}&#8221;][\/et_pb_image][et_pb_button button_url=&#8221;https:\/\/drive.google.com\/file\/d\/1rBSNVwTXtFMYqJIcMP7spcWrv-XZCyPB\/view?usp=sharing&#8221; url_new_window=&#8221;on&#8221; button_text=&#8221;Biography&#8221; _builder_version=&#8221;4.27.4&#8243; _module_preset=&#8221;default&#8221; custom_button=&#8221;on&#8221; button_text_size=&#8221;25px&#8221; button_text_color=&#8221;#000000&#8243; button_border_width=&#8221;1px&#8221; button_border_radius=&#8221;0px&#8221; button_font=&#8221;Roboto||||||||&#8221; button_icon=&#8221;&#x35;||divi||400&#8243; button_on_hover=&#8221;off&#8221; custom_margin=&#8221;||6px|||&#8221; button_text_size_tablet=&#8221;24px&#8221; button_text_size_phone=&#8221;23px&#8221; button_text_size_last_edited=&#8221;on|phone&#8221; locked=&#8221;off&#8221; global_colors_info=&#8221;{}&#8221;][\/et_pb_button][et_pb_button button_url=&#8221;https:\/\/drive.google.com\/file\/d\/1QFC-FKVfASnErHiIHg0izHGMC4aucDGd\/view?usp=sharing&#8221; url_new_window=&#8221;on&#8221; button_text=&#8221;CV&#8221; _builder_version=&#8221;4.27.4&#8243; _module_preset=&#8221;default&#8221; custom_button=&#8221;on&#8221; button_text_size=&#8221;25px&#8221; button_text_color=&#8221;#000000&#8243; button_border_width=&#8221;1px&#8221; button_border_radius=&#8221;0px&#8221; button_font=&#8221;Roboto||||||||&#8221; button_icon=&#8221;&#x35;||divi||400&#8243; button_on_hover=&#8221;off&#8221; custom_margin=&#8221;||6px|||&#8221; button_text_size_tablet=&#8221;24px&#8221; button_text_size_phone=&#8221;23px&#8221; button_text_size_last_edited=&#8221;on|phone&#8221; locked=&#8221;off&#8221; global_colors_info=&#8221;{}&#8221;][\/et_pb_button][\/et_pb_column][\/et_pb_row][\/et_pb_section]<\/p>\n","protected":false},"excerpt":{"rendered":"<p>MALENA ALBARRAC\u00cdNDANCERchoreographerARTISTS TRAINERMENTORING FOR ARTISTSI dance barefoot on the impeccable and soft grey linoleum of Bot\u00e0nic Espai de Dansa. I train in slippers on the wonderful and slippery floor of La Pina Submarina (Dance and Theater Space). I move and write on the black tatamis with which I cover the cold tiles of the living [&hellip;]<\/p>\n","protected":false},"author":1,"featured_media":0,"parent":0,"menu_order":0,"comment_status":"closed","ping_status":"closed","template":"","meta":{"_acf_changed":false,"_et_pb_use_builder":"on","_et_pb_old_content":"","_et_gb_content_width":"","footnotes":""},"class_list":["post-1410","page","type-page","status-publish","hentry"],"acf":[],"_links":{"self":[{"href":"https:\/\/malenaalbarracin.com\/en\/wp-json\/wp\/v2\/pages\/1410","targetHints":{"allow":["GET"]}}],"collection":[{"href":"https:\/\/malenaalbarracin.com\/en\/wp-json\/wp\/v2\/pages"}],"about":[{"href":"https:\/\/malenaalbarracin.com\/en\/wp-json\/wp\/v2\/types\/page"}],"author":[{"embeddable":true,"href":"https:\/\/malenaalbarracin.com\/en\/wp-json\/wp\/v2\/users\/1"}],"replies":[{"embeddable":true,"href":"https:\/\/malenaalbarracin.com\/en\/wp-json\/wp\/v2\/comments?post=1410"}],"version-history":[{"count":9,"href":"https:\/\/malenaalbarracin.com\/en\/wp-json\/wp\/v2\/pages\/1410\/revisions"}],"predecessor-version":[{"id":1618,"href":"https:\/\/malenaalbarracin.com\/en\/wp-json\/wp\/v2\/pages\/1410\/revisions\/1618"}],"wp:attachment":[{"href":"https:\/\/malenaalbarracin.com\/en\/wp-json\/wp\/v2\/media?parent=1410"}],"curies":[{"name":"wp","href":"https:\/\/api.w.org\/{rel}","templated":true}]}}